{"id":27,"date":"2019-04-08T11:28:11","date_gmt":"2019-04-08T11:28:11","guid":{"rendered":"http:\/\/www.crocebiancacassinadp.org\/dev\/?page_id=27"},"modified":"2026-05-14T15:58:40","modified_gmt":"2026-05-14T14:58:40","slug":"storia","status":"publish","type":"page","link":"https:\/\/www.crocebiancacassinadp.org\/dev\/storia\/","title":{"rendered":"Storia"},"content":{"rendered":"\n<p><em>Le radici dell&#8217;impegno: 1\u00b0 Gennaio 1986<\/em><\/p>\n\n\n\n<p>La nostra storia inizia ufficialmente il primo giorno del 1986.<br>In quel momento, un gruppo di cittadini mossi da un forte senso civico decise di dare a Cassina de\u2019 Pecchi una propria identit\u00e0 nel campo del soccorso e dell\u2019assistenza.<br>Da quella data, la Croce Bianca \u00e8 cresciuta insieme al suo comune, diventando un punto di riferimento insostituibile e un esempio concreto di cittadinanza attiva.<br><br><em>Un presidio per l\u2019emergenza: Sere, Notti e Weekend<\/em><\/p>\n\n\n\n<p>Negli ultimi 15 anni, abbiamo strutturato la nostra risposta all&#8217;emergenza-urgenza attraverso una convenzione estemporanea a gettone, che ci vede protagonisti nei momenti di maggiore necessit\u00e0. La nostra sede rimane operativa e pronta a scattare per tutte le sere e le notti della settimana, oltre a garantire la copertura totale dei weekend. \u00c8 un impegno costante che garantisce alla popolazione la serenit\u00e0 di un soccorso qualificato, presente proprio quando il territorio ne ha pi\u00f9 bisogno.<\/p>\n\n\n\n<p><br><em>Al fianco dei cittadini: I Servizi Diurni e Sociali<\/em><\/p>\n\n\n\n<p>Accanto all&#8217;emergenza, batte il cuore dei nostri servizi diurni, una mano tesa verso la quotidianit\u00e0 dei nostri concittadini.<br>La Croce Bianca di Cassina non \u00e8 presente solo nelle situazioni critiche, ma accompagna la popolazione ogni giorno attraverso una rete capillare di trasporti sanitari:<\/p>\n\n\n\n<ul class=\"wp-block-list\">\n<li>Collaborazione con le Istituzioni: Operiamo in stretta convenzione con il Comune per garantire che nessuno resti indietro, supportando i servizi sociali nel trasporto di chi ha bisogno di cure o assistenza.<\/li>\n\n\n\n<li>Supporto ai Privati: Rispondiamo quotidianamente alle chiamate dei cittadini che necessitano di trasporti sanitari con ambulanza verso ospedali, centri di cura o dimissioni protette.<\/li>\n\n\n\n<li>Trasporti Sanitari Semplici: Disponiamo di mezzi attrezzati per il trasporto di persone in carrozzina o autosufficienti che devono raggiungere centri diagnostici, visite specialistiche o terapie.<\/li>\n<\/ul>\n\n\n\n<p><em>Il nostro obiettivo \u00e8 rendere la salute e le cure accessibili a tutti, eliminando le barriere della mobilit\u00e0 con professionalit\u00e0 e un sorriso.<\/em><em><br><\/em><em><br><\/em> <em>La nostra forza: 80 Volontari al servizio del territorio<\/em><\/p>\n\n\n\n<p>Oggi, la Sezione \u00e8 animata da 80 volontari che, tra i turni del 118 e i servizi del diurno, scelgono quotidianamente di mettersi a disposizione della popolazione.&nbsp;<\/p>\n\n\n\n<p>Siamo una squadra che crede nel valore della formazione e della competenza, ma che non dimentica mai l&#8217;importanza del fattore umano.<\/p>\n\n\n\n<p>Essere in Croce Bianca a Cassina oggi significa abitare il territorio con uno spirito di collaborazione profonda, agendo come un ponte tra le necessit\u00e0 dei singoli e le risposte delle istituzioni.<br>Dall&#8217;86 a oggi, i mezzi e le tecnologie sono cambiati, ma la nostra missione rimane la stessa: essere presenti, di giorno e di notte, per chiunque abbia bisogno di noi.<\/p>\n","protected":false},"excerpt":{"rendered":"<p>Le radici dell&#8217;impegno: 1\u00b0 Gennaio 1986 La nostra storia inizia ufficialmente il primo giorno del 1986.In quel momento, un gruppo di cittadini mossi da un forte senso civico decise di dare a Cassina de\u2019 Pecchi una propria identit\u00e0 nel campo del soccorso e dell\u2019assistenza.Da quella data, la Croce Bianca \u00e8 cresciuta insieme al suo comune, [&hellip;]<\/p>\n","protected":false},"author":1,"featured_media":0,"parent":0,"menu_order":0,"comment_status":"closed","ping_status":"closed","template":"","meta":{"footnotes":""},"class_list":["post-27","page","type-page","status-publish","hentry"],"_links":{"self":[{"href":"https:\/\/www.crocebiancacassinadp.org\/dev\/wp-json\/wp\/v2\/pages\/27","targetHints":{"allow":["GET"]}}],"collection":[{"href":"https:\/\/www.crocebiancacassinadp.org\/dev\/wp-json\/wp\/v2\/pages"}],"about":[{"href":"https:\/\/www.crocebiancacassinadp.org\/dev\/wp-json\/wp\/v2\/types\/page"}],"author":[{"embeddable":true,"href":"https:\/\/www.crocebiancacassinadp.org\/dev\/wp-json\/wp\/v2\/users\/1"}],"replies":[{"embeddable":true,"href":"https:\/\/www.crocebiancacassinadp.org\/dev\/wp-json\/wp\/v2\/comments?post=27"}],"version-history":[{"count":3,"href":"https:\/\/www.crocebiancacassinadp.org\/dev\/wp-json\/wp\/v2\/pages\/27\/revisions"}],"predecessor-version":[{"id":442,"href":"https:\/\/www.crocebiancacassinadp.org\/dev\/wp-json\/wp\/v2\/pages\/27\/revisions\/442"}],"wp:attachment":[{"href":"https:\/\/www.crocebiancacassinadp.org\/dev\/wp-json\/wp\/v2\/media?parent=27"}],"curies":[{"name":"wp","href":"https:\/\/api.w.org\/{rel}","templated":true}]}}